{"id":89,"date":"2025-02-01T15:03:58","date_gmt":"2025-02-01T15:03:58","guid":{"rendered":"https:\/\/almfeldtvideo.dk\/?page_id=89"},"modified":"2025-02-01T16:50:58","modified_gmt":"2025-02-01T16:50:58","slug":"om-os-kontakt","status":"publish","type":"page","link":"https:\/\/almfeldtvideo.dk\/index.php\/om-os-kontakt\/","title":{"rendered":"Om os \/ kontakt"},"content":{"rendered":"\n<figure class=\"wp-block-image size-large is-resized\"><img loading=\"lazy\" decoding=\"async\" width=\"1024\" height=\"278\" src=\"https:\/\/almfeldtvideo.dk\/wp-content\/uploads\/2025\/02\/Tekst-1024x278.jpg\" alt=\"\" class=\"wp-image-110\" style=\"width:1200px;height:auto\" srcset=\"https:\/\/almfeldtvideo.dk\/wp-content\/uploads\/2025\/02\/Tekst-1024x278.jpg 1024w, https:\/\/almfeldtvideo.dk\/wp-content\/uploads\/2025\/02\/Tekst-300x81.jpg 300w, https:\/\/almfeldtvideo.dk\/wp-content\/uploads\/2025\/02\/Tekst-768x208.jpg 768w, https:\/\/almfeldtvideo.dk\/wp-content\/uploads\/2025\/02\/Tekst-1536x417.jpg 1536w, https:\/\/almfeldtvideo.dk\/wp-content\/uploads\/2025\/02\/Tekst.jpg 1928w\" sizes=\"auto, (max-width: 1024px) 100vw, 1024px\" \/><\/figure>\n\n\n\n<figure class=\"wp-block-image size-large\"><img loading=\"lazy\" decoding=\"async\" width=\"1024\" height=\"599\" src=\"https:\/\/almfeldtvideo.dk\/wp-content\/uploads\/2025\/02\/Profil-Billeder-1024x599.jpg\" alt=\"\" class=\"wp-image-112\" style=\"aspect-ratio:16\/9;object-fit:cover\" srcset=\"https:\/\/almfeldtvideo.dk\/wp-content\/uploads\/2025\/02\/Profil-Billeder-1024x599.jpg 1024w, https:\/\/almfeldtvideo.dk\/wp-content\/uploads\/2025\/02\/Profil-Billeder-300x176.jpg 300w, https:\/\/almfeldtvideo.dk\/wp-content\/uploads\/2025\/02\/Profil-Billeder-768x450.jpg 768w, https:\/\/almfeldtvideo.dk\/wp-content\/uploads\/2025\/02\/Profil-Billeder.jpg 1148w\" sizes=\"auto, (max-width: 1024px) 100vw, 1024px\" \/><\/figure>\n\n\n\n<p style=\"font-size:47px\"><\/p>\n\n\n\n<p style=\"font-size:35px\">Send en mail, hvis du har brug for r\u00e5dgivning eller har sp\u00f8rgsm\u00e5l til os<\/p>\n\n\n\n<p style=\"font-size:50px\"><strong>Klik her:&nbsp;&nbsp;<a href=\"mailto:almfeldt@almfeldtvideo.dk\">E-mail<\/a><\/strong><\/p>\n\n\n\n<p style=\"font-size:25px\"><\/p>\n\n\n\n<p><\/p>\n","protected":false},"excerpt":{"rendered":"<p>Send en mail, hvis du har brug for r\u00e5dgivning eller har sp\u00f8rgsm\u00e5l til os Klik her:&nbsp;&nbsp;E-mail<\/p>\n","protected":false},"author":1,"featured_media":0,"parent":0,"menu_order":0,"comment_status":"closed","ping_status":"closed","template":"","meta":{"site-sidebar-layout":"default","site-content-layout":"","ast-site-content-layout":"default","site-content-style":"default","site-sidebar-style":"default","ast-global-header-display":"","ast-banner-title-visibility":"","ast-main-header-display":"","ast-hfb-above-header-display":"","ast-hfb-below-header-display":"","ast-hfb-mobile-header-display":"","site-post-title":"","ast-breadcrumbs-content":"","ast-featured-img":"","footer-sml-layout":"","theme-transparent-header-meta":"","adv-header-id-meta":"","stick-header-meta":"","header-above-stick-meta":"","header-main-stick-meta":"","header-below-stick-meta":"","astra-migrate-meta-layouts":"default","ast-page-background-enabled":"default","ast-page-background-meta":{"desktop":{"background-color":"var(--ast-global-color-5)","background-image":"","background-repeat":"repeat","background-position":"center center","background-size":"auto","background-attachment":"scroll","background-type":"","background-media":"","overlay-type":"","overlay-color":"","overlay-opacity":"","overlay-gradient":""},"tablet":{"background-color":"","background-image":"","background-repeat":"repeat","background-position":"center center","background-size":"auto","background-attachment":"scroll","background-type":"","background-media":"","overlay-type":"","overlay-color":"","overlay-opacity":"","overlay-gradient":""},"mobile":{"background-color":"","background-image":"","background-repeat":"repeat","background-position":"center center","background-size":"auto","background-attachment":"scroll","background-type":"","background-media":"","overlay-type":"","overlay-color":"","overlay-opacity":"","overlay-gradient":""}},"ast-content-background-meta":{"desktop":{"background-color":"var(--ast-global-color-4)","background-image":"","background-repeat":"repeat","background-position":"center center","background-size":"auto","background-attachment":"scroll","background-type":"","background-media":"","overlay-type":"","overlay-color":"","overlay-opacity":"","overlay-gradient":""},"tablet":{"background-color":"var(--ast-global-color-4)","background-image":"","background-repeat":"repeat","background-position":"center center","background-size":"auto","background-attachment":"scroll","background-type":"","background-media":"","overlay-type":"","overlay-color":"","overlay-opacity":"","overlay-gradient":""},"mobile":{"background-color":"var(--ast-global-color-4)","background-image":"","background-repeat":"repeat","background-position":"center center","background-size":"auto","background-attachment":"scroll","background-type":"","background-media":"","overlay-type":"","overlay-color":"","overlay-opacity":"","overlay-gradient":""}},"footnotes":""},"class_list":["post-89","page","type-page","status-publish","hentry"],"_links":{"self":[{"href":"https:\/\/almfeldtvideo.dk\/index.php\/wp-json\/wp\/v2\/pages\/89","targetHints":{"allow":["GET"]}}],"collection":[{"href":"https:\/\/almfeldtvideo.dk\/index.php\/wp-json\/wp\/v2\/pages"}],"about":[{"href":"https:\/\/almfeldtvideo.dk\/index.php\/wp-json\/wp\/v2\/types\/page"}],"author":[{"embeddable":true,"href":"https:\/\/almfeldtvideo.dk\/index.php\/wp-json\/wp\/v2\/users\/1"}],"replies":[{"embeddable":true,"href":"https:\/\/almfeldtvideo.dk\/index.php\/wp-json\/wp\/v2\/comments?post=89"}],"version-history":[{"count":14,"href":"https:\/\/almfeldtvideo.dk\/index.php\/wp-json\/wp\/v2\/pages\/89\/revisions"}],"predecessor-version":[{"id":121,"href":"https:\/\/almfeldtvideo.dk\/index.php\/wp-json\/wp\/v2\/pages\/89\/revisions\/121"}],"wp:attachment":[{"href":"https:\/\/almfeldtvideo.dk\/index.php\/wp-json\/wp\/v2\/media?parent=89"}],"curies":[{"name":"wp","href":"https:\/\/api.w.org\/{rel}","templated":true}]}}